{"id":373,"date":"2023-05-08T21:15:44","date_gmt":"2023-05-08T21:15:44","guid":{"rendered":"https:\/\/ruben-stein.de\/site2023\/?page_id=373"},"modified":"2023-05-08T21:53:37","modified_gmt":"2023-05-08T21:53:37","slug":"datenschutzerklaerung","status":"publish","type":"page","link":"https:\/\/ruben-stein.de\/site2023\/index.php\/datenschutzerklaerung\/","title":{"rendered":"Datenschutzerkl\u00e4rung"},"content":{"rendered":"\n<p><strong>Allgemeiner Hinweis und Pflichtinformationen<\/strong><br><br><strong>Benennung der verantwortlichen Stelle<\/strong><br>Die verantwortliche Stelle f\u00fcr die Datenverarbeitung auf dieser Website ist:<br><\/p>\n\n\n\n<p>Philipp Ruben Stein<br>Im Sch\u00f6nblick 19<br>74523 Schw\u00e4bisch Hall<\/p>\n\n\n\n<p>Kontakt:<br>Telefon: 0175 7704837<br>Email: rubensteinmusik[at]gmail.com<br><br>Die verantwortliche Stelle entscheidet allein oder gemeinsam mit anderen \u00fcber die Zwecke und Mittel der Verarbeitung von personenbezogenen Daten (z.B. Namen, Kontaktdaten o. \u00c4.).<br><br><strong>Widerruf Ihrer Einwilligung zur Datenverarbeitung<\/strong><br><br>Nur mit Ihrer ausdr\u00fccklichen Einwilligung sind einige Vorg\u00e4nge der Datenverarbeitung m\u00f6glich. Ein Widerruf Ihrer bereits erteilten Einwilligung ist jederzeit m\u00f6glich. F\u00fcr den Widerruf gen\u00fcgt eine formlose Mitteilung per E-Mail. Die Rechtm\u00e4\u00dfigkeit der bis zum Widerruf erfolgten Datenverarbeitung bleibt vom Widerruf unber\u00fchrt.<br><br><strong>Recht auf Beschwerde bei der zust\u00e4ndigen Aufsichtsbeh\u00f6rde<\/strong><br><br>Als Betroffener steht Ihnen im Falle eines datenschutzrechtlichen Versto\u00dfes ein Beschwerderecht bei der zust\u00e4ndigen Aufsichtsbeh\u00f6rde zu. Zust\u00e4ndige Aufsichtsbeh\u00f6rde bez\u00fcglich datenschutzrechtlicher Fragen ist der Landesdatenschutzbeauftragte des Bundeslandes, in dem sich der Sitz unseres Unternehmens befindet. Der folgende Link stellt eine Liste der Datenschutzbeauftragten sowie deren Kontaktdaten bereit: https:\/\/www.bfdi.bund.de\/DE\/Infothek\/Anschriften_Links\/anschriften_links-node.html.<br><br><strong>Recht auf Daten\u00fcbertragbarkeit<\/strong><br><br>Ihnen steht das Recht zu, Daten, die wir auf Grundlage Ihrer Einwilligung oder in Erf\u00fcllung eines Vertrags automatisiert verarbeiten, an sich oder an Dritte aush\u00e4ndigen zu lassen. Die Bereitstellung erfolgt in einem maschinenlesbaren Format. Sofern Sie die direkte \u00dcbertragung der Daten an einen anderen Verantwortlichen verlangen, erfolgt dies nur, soweit es technisch machbar ist.<br><br><strong>Recht auf Auskunft, Berichtigung, Sperrung, L\u00f6schung<\/strong><br><br>Sie haben jederzeit im Rahmen der geltenden gesetzlichen Bestimmungen das Recht auf unentgeltliche Auskunft \u00fcber Ihre gespeicherten personenbezogenen Daten, Herkunft der Daten, deren Empf\u00e4nger und den Zweck der Datenverarbeitung und ggf. ein Recht auf Berichtigung, Sperrung oder L\u00f6schung dieser Daten. Diesbez\u00fcglich und auch zu weiteren Fragen zum Thema personenbezogene Daten k\u00f6nnen Sie sich jederzeit \u00fcber die im Impressum aufgef\u00fchrten Kontaktm\u00f6glichkeiten an uns wenden.<br><br><strong>SSL- bzw. TLS-Verschl\u00fcsselung<\/strong><br><br>Aus Sicherheitsgr\u00fcnden und zum Schutz der \u00dcbertragung vertraulicher Inhalte, die Sie an uns als Seitenbetreiber senden, nutzt unsere Website eine SSL-bzw. TLS-Verschl\u00fcsselung. Damit sind Daten, die Sie \u00fcber diese Website \u00fcbermitteln, f\u00fcr Dritte nicht mitlesbar. Sie erkennen eine verschl\u00fcsselte Verbindung an der \u201ehttps:\/\/\u201c Adresszeile Ihres Browsers und am Schloss-Symbol in der Browserzeile.<br><br><strong>Server-Log-Dateien<\/strong><br><br>In Server-Log-Dateien erhebt und speichert der Provider der Website automatisch Informationen, die Ihr Browser automatisch an uns \u00fcbermittelt. Dies sind:<br><br>Besuchte Seite auf unserer Domain<br>Datum und Uhrzeit der Serveranfrage<br>Browsertyp und Browserversion<br>Verwendetes Betriebssystem<br>Referrer URL<br>Hostname des zugreifenden Rechners<br>IP-Adresse<br>Es findet keine Zusammenf\u00fchrung dieser Daten mit anderen Datenquellen statt. Grundlage der Datenverarbeitung bildet Art. 6 Abs. 1 lit. b DSGVO, der die Verarbeitung von Daten zur Erf\u00fcllung eines Vertrags oder vorvertraglicher Ma\u00dfnahmen gestattet.<br><br><strong>YouTube<\/strong><br><br>F\u00fcr Integration und Darstellung von Videoinhalten nutzt unsere Website Plugins von YouTube. Anbieter des Videoportals ist die YouTube, LLC, 901 Cherry Ave., San Bruno, CA 94066, USA.<br><br>Bei Aufruf einer Seite mit integriertem YouTube-Plugin wird eine Verbindung zu den Servern von YouTube hergestellt. YouTube erf\u00e4hrt hierdurch, welche unserer Seiten Sie aufgerufen haben.<br><br>YouTube kann Ihr Surfverhalten direkt Ihrem pers\u00f6nlichen Profil zuzuordnen, sollten Sie in Ihrem YouTube Konto eingeloggt sein. Durch vorheriges Ausloggen haben Sie die M\u00f6glichkeit, dies zu unterbinden.<br><br>Die Nutzung von YouTube erfolgt im Interesse einer ansprechenden Darstellung unserer Online-Angebote. Dies stellt ein berechtigtes Interesse im Sinne von Art. 6 Abs. 1 lit. f DSGVO dar.<br><br>Einzelheiten zum Umgang mit Nutzerdaten finden Sie in der Datenschutzerkl\u00e4rung von YouTube unter:<br>www.google.de\/intl\/de\/policies\/privacy.<br><br>&nbsp;<\/p>\n\n\n\n<p><strong>Spotify<\/strong><br><br>F\u00fcr Integration und Darstellung von Videoinhalten nutzt unsere Website Plugins von Spotify. Anbieter des Streaming Portals&nbsp;ist die Spotify AB, Regeringsgatan 19, SE-111, 53 Stockholm, Schweden. Bei Aufruf einer Seite mit integriertem Spotify-Plugin wird eine Verbindung zu den Servern von Spotify hergestellt. Spotify erf\u00e4hrt hierdurch, welche unserer Seiten Sie aufgerufen haben. Spotify erf\u00e4hrt Ihre IP-Adresse, selbst wenn Sie nicht beim Streamingportal&nbsp;eingeloggt sind oder dort kein Konto besitzen. Es erfolgt eine \u00dcbermittlung der von Sportify erfassten Informationen an Server des Videoportals in den USA.<br>Spotify&nbsp;kann Ihr Surfverhalten direkt Ihrem pers\u00f6nlichen Profil zuordnen. Durch vorheriges Ausloggen haben Sie die M\u00f6glichkeit, dies zu unterbinden.<br>Einzelheiten zum Umgang mit Nutzerdaten finden Sie in der Datenschutzerkl\u00e4rung von Spotify unter: www.spotify.com\/de\/legal\/privacy-policy<\/p>\n\n\n\n<p><strong>Cookies<\/strong><br><br>Unsere Website verwendet Cookies. Das sind kleine Textdateien, die Ihr Webbrowser auf Ihrem Endger\u00e4t speichert. Cookies helfen uns dabei, unser Angebot nutzerfreundlicher, effektiver und sicherer zu machen.<br><br>Einige Cookies sind \u201cSession-Cookies.\u201d Solche Cookies werden nach Ende Ihrer Browser-Sitzung von selbst gel\u00f6scht. Hingegen bleiben andere Cookies auf Ihrem Endger\u00e4t bestehen, bis Sie diese selbst l\u00f6schen. Solche Cookies helfen uns, Sie bei R\u00fcckkehr auf unserer Website wiederzuerkennen.<br><br>Mit einem modernen Webbrowser k\u00f6nnen Sie das Setzen von Cookies \u00fcberwachen, einschr\u00e4nken oder unterbinden. Viele Webbrowser lassen sich so konfigurieren, dass Cookies mit dem Schlie\u00dfen des Programms von selbst gel\u00f6scht werden. Die Deaktivierung von Cookies kann eine eingeschr\u00e4nkte Funktionalit\u00e4t unserer Website zur Folge haben.<br><br>Das Setzen von Cookies, die zur Aus\u00fcbung elektronischer Kommunikationsvorg\u00e4nge oder der Bereitstellung bestimmter, von Ihnen erw\u00fcnschter Funktionen (z.B. Warenkorb) notwendig sind, erfolgt auf Grundlage von Art. 6 Abs. 1 lit. f DSGVO. Als Betreiber dieser Website haben wir ein berechtigtes Interesse an der Speicherung von Cookies zur technisch fehlerfreien und reibungslosen Bereitstellung unserer Dienste. Sofern die Setzung anderer Cookies (z.B. f\u00fcr Analyse-Funktionen) erfolgt, werden diese in dieser Datenschutzerkl\u00e4rung separat behandelt.<\/p>\n\n\n\n<p>Quelle: Datenschutz-Konfigurator von mein-datenschutzbeauftragter.de<\/p>\n\n\n\n<p>Bei Fragen rund um das Thema Datenschutz kontaktieren Sie uns Email: rubensteinmusik[at]gmail.com<br><\/p>\n","protected":false},"excerpt":{"rendered":"<p>Allgemeiner Hinweis und Pflichtinformationen Benennung der verantwortlichen StelleDie verantwortliche Stelle f\u00fcr die Datenverarbeitung auf dieser Website ist: Philipp Ruben SteinIm Sch\u00f6nblick 1974523 Schw\u00e4bisch Hall Kontakt:Telefon: 0175 7704837Email: rubensteinmusik[at]gmail.com Die verantwortliche Stelle entscheidet allein oder gemeinsam mit anderen \u00fcber die Zwecke und Mittel der Verarbeitung von personenbezogenen Daten (z.B. Namen, Kontaktdaten o. \u00c4.). Widerruf Ihrer Einwilligung [&hellip;]<\/p>\n","protected":false},"author":1,"featured_media":0,"parent":0,"menu_order":0,"comment_status":"closed","ping_status":"closed","template":"","meta":{"footnotes":""},"class_list":["post-373","page","type-page","status-publish","hentry"],"yoast_head":"<!-- This site is optimized with the Yoast SEO plugin v20.6 - https:\/\/yoast.com\/wordpress\/plugins\/seo\/ -->\n<title>Datenschutzerkl\u00e4rung - Ruben Stein<\/title>\n<meta name=\"robots\" content=\"index, follow, max-snippet:-1, max-image-preview:large, max-video-preview:-1\" \/>\n<link rel=\"canonical\" href=\"https:\/\/ruben-stein.de\/site2023\/index.php\/datenschutzerklaerung\/\" \/>\n<meta property=\"og:locale\" content=\"de_DE\" \/>\n<meta property=\"og:type\" content=\"article\" \/>\n<meta property=\"og:title\" content=\"Datenschutzerkl\u00e4rung - Ruben Stein\" \/>\n<meta property=\"og:description\" content=\"Allgemeiner Hinweis und Pflichtinformationen Benennung der verantwortlichen StelleDie verantwortliche Stelle f\u00fcr die Datenverarbeitung auf dieser Website ist: Philipp Ruben SteinIm Sch\u00f6nblick 1974523 Schw\u00e4bisch Hall Kontakt:Telefon: 0175 7704837Email: rubensteinmusik[at]gmail.com Die verantwortliche Stelle entscheidet allein oder gemeinsam mit anderen \u00fcber die Zwecke und Mittel der Verarbeitung von personenbezogenen Daten (z.B. Namen, Kontaktdaten o. \u00c4.). Widerruf Ihrer Einwilligung [&hellip;]\" \/>\n<meta property=\"og:url\" content=\"https:\/\/ruben-stein.de\/site2023\/index.php\/datenschutzerklaerung\/\" \/>\n<meta property=\"og:site_name\" content=\"Ruben Stein\" \/>\n<meta property=\"article:modified_time\" content=\"2023-05-08T21:53:37+00:00\" \/>\n<meta name=\"twitter:card\" content=\"summary_large_image\" \/>\n<meta name=\"twitter:label1\" content=\"Gesch\u00e4tzte Lesezeit\" \/>\n\t<meta name=\"twitter:data1\" content=\"5\u00a0Minuten\" \/>\n<script type=\"application\/ld+json\" class=\"yoast-schema-graph\">{\"@context\":\"https:\/\/schema.org\",\"@graph\":[{\"@type\":\"WebPage\",\"@id\":\"https:\/\/ruben-stein.de\/site2023\/index.php\/datenschutzerklaerung\/\",\"url\":\"https:\/\/ruben-stein.de\/site2023\/index.php\/datenschutzerklaerung\/\",\"name\":\"Datenschutzerkl\u00e4rung - Ruben Stein\",\"isPartOf\":{\"@id\":\"https:\/\/ruben-stein.de\/site2023\/#website\"},\"datePublished\":\"2023-05-08T21:15:44+00:00\",\"dateModified\":\"2023-05-08T21:53:37+00:00\",\"breadcrumb\":{\"@id\":\"https:\/\/ruben-stein.de\/site2023\/index.php\/datenschutzerklaerung\/#breadcrumb\"},\"inLanguage\":\"de\",\"potentialAction\":[{\"@type\":\"ReadAction\",\"target\":[\"https:\/\/ruben-stein.de\/site2023\/index.php\/datenschutzerklaerung\/\"]}]},{\"@type\":\"BreadcrumbList\",\"@id\":\"https:\/\/ruben-stein.de\/site2023\/index.php\/datenschutzerklaerung\/#breadcrumb\",\"itemListElement\":[{\"@type\":\"ListItem\",\"position\":1,\"name\":\"Startseite\",\"item\":\"https:\/\/ruben-stein.de\/site2023\/\"},{\"@type\":\"ListItem\",\"position\":2,\"name\":\"Datenschutzerkl\u00e4rung\"}]},{\"@type\":\"WebSite\",\"@id\":\"https:\/\/ruben-stein.de\/site2023\/#website\",\"url\":\"https:\/\/ruben-stein.de\/site2023\/\",\"name\":\"Ruben Stein\",\"description\":\"\",\"potentialAction\":[{\"@type\":\"SearchAction\",\"target\":{\"@type\":\"EntryPoint\",\"urlTemplate\":\"https:\/\/ruben-stein.de\/site2023\/?s={search_term_string}\"},\"query-input\":\"required name=search_term_string\"}],\"inLanguage\":\"de\"}]}<\/script>\n<!-- \/ Yoast SEO plugin. -->","yoast_head_json":{"title":"Datenschutzerkl\u00e4rung - Ruben Stein","robots":{"index":"index","follow":"follow","max-snippet":"max-snippet:-1","max-image-preview":"max-image-preview:large","max-video-preview":"max-video-preview:-1"},"canonical":"https:\/\/ruben-stein.de\/site2023\/index.php\/datenschutzerklaerung\/","og_locale":"de_DE","og_type":"article","og_title":"Datenschutzerkl\u00e4rung - Ruben Stein","og_description":"Allgemeiner Hinweis und Pflichtinformationen Benennung der verantwortlichen StelleDie verantwortliche Stelle f\u00fcr die Datenverarbeitung auf dieser Website ist: Philipp Ruben SteinIm Sch\u00f6nblick 1974523 Schw\u00e4bisch Hall Kontakt:Telefon: 0175 7704837Email: rubensteinmusik[at]gmail.com Die verantwortliche Stelle entscheidet allein oder gemeinsam mit anderen \u00fcber die Zwecke und Mittel der Verarbeitung von personenbezogenen Daten (z.B. Namen, Kontaktdaten o. \u00c4.). Widerruf Ihrer Einwilligung [&hellip;]","og_url":"https:\/\/ruben-stein.de\/site2023\/index.php\/datenschutzerklaerung\/","og_site_name":"Ruben Stein","article_modified_time":"2023-05-08T21:53:37+00:00","twitter_card":"summary_large_image","twitter_misc":{"Gesch\u00e4tzte Lesezeit":"5\u00a0Minuten"},"schema":{"@context":"https:\/\/schema.org","@graph":[{"@type":"WebPage","@id":"https:\/\/ruben-stein.de\/site2023\/index.php\/datenschutzerklaerung\/","url":"https:\/\/ruben-stein.de\/site2023\/index.php\/datenschutzerklaerung\/","name":"Datenschutzerkl\u00e4rung - Ruben Stein","isPartOf":{"@id":"https:\/\/ruben-stein.de\/site2023\/#website"},"datePublished":"2023-05-08T21:15:44+00:00","dateModified":"2023-05-08T21:53:37+00:00","breadcrumb":{"@id":"https:\/\/ruben-stein.de\/site2023\/index.php\/datenschutzerklaerung\/#breadcrumb"},"inLanguage":"de","potentialAction":[{"@type":"ReadAction","target":["https:\/\/ruben-stein.de\/site2023\/index.php\/datenschutzerklaerung\/"]}]},{"@type":"BreadcrumbList","@id":"https:\/\/ruben-stein.de\/site2023\/index.php\/datenschutzerklaerung\/#breadcrumb","itemListElement":[{"@type":"ListItem","position":1,"name":"Startseite","item":"https:\/\/ruben-stein.de\/site2023\/"},{"@type":"ListItem","position":2,"name":"Datenschutzerkl\u00e4rung"}]},{"@type":"WebSite","@id":"https:\/\/ruben-stein.de\/site2023\/#website","url":"https:\/\/ruben-stein.de\/site2023\/","name":"Ruben Stein","description":"","potentialAction":[{"@type":"SearchAction","target":{"@type":"EntryPoint","urlTemplate":"https:\/\/ruben-stein.de\/site2023\/?s={search_term_string}"},"query-input":"required name=search_term_string"}],"inLanguage":"de"}]}},"_links":{"self":[{"href":"https:\/\/ruben-stein.de\/site2023\/index.php\/wp-json\/wp\/v2\/pages\/373","targetHints":{"allow":["GET"]}}],"collection":[{"href":"https:\/\/ruben-stein.de\/site2023\/index.php\/wp-json\/wp\/v2\/pages"}],"about":[{"href":"https:\/\/ruben-stein.de\/site2023\/index.php\/wp-json\/wp\/v2\/types\/page"}],"author":[{"embeddable":true,"href":"https:\/\/ruben-stein.de\/site2023\/index.php\/wp-json\/wp\/v2\/users\/1"}],"replies":[{"embeddable":true,"href":"https:\/\/ruben-stein.de\/site2023\/index.php\/wp-json\/wp\/v2\/comments?post=373"}],"version-history":[{"count":3,"href":"https:\/\/ruben-stein.de\/site2023\/index.php\/wp-json\/wp\/v2\/pages\/373\/revisions"}],"predecessor-version":[{"id":383,"href":"https:\/\/ruben-stein.de\/site2023\/index.php\/wp-json\/wp\/v2\/pages\/373\/revisions\/383"}],"wp:attachment":[{"href":"https:\/\/ruben-stein.de\/site2023\/index.php\/wp-json\/wp\/v2\/media?parent=373"}],"curies":[{"name":"wp","href":"https:\/\/api.w.org\/{rel}","templated":true}]}}